{"id":1004,"date":"2025-07-18T14:33:37","date_gmt":"2025-07-18T14:33:37","guid":{"rendered":"https:\/\/mrtransfercancun.com\/?post_type=product&#038;p=1004"},"modified":"2025-08-28T05:20:06","modified_gmt":"2025-08-28T05:20:06","slug":"cuna-colecho","status":"publish","type":"product","link":"https:\/\/mrtransfercancun.com\/en\/product\/cuna-colecho\/","title":{"rendered":"Cot Co-Sleeping"},"content":{"rendered":"<div data-elementor-type=\"wp-post\" data-elementor-id=\"1004\" class=\"elementor elementor-1004\" data-elementor-post-type=\"product\">\n\t\t\t\t<div class=\"wd-negative-gap elementor-element elementor-element-8d22d17 e-flex e-con-boxed e-con e-parent\" data-id=\"8d22d17\" data-element_type=\"container\" data-e-type=\"container\">\n\t\t\t\t\t<div class=\"e-con-inner\">\n\t\t\t\t<div class=\"elementor-element elementor-element-b8448e2 elementor-widget elementor-widget-wd_text_block\" data-id=\"b8448e2\" data-element_type=\"widget\" data-e-type=\"widget\" data-widget_type=\"wd_text_block.default\">\n\t\t\t\t<div class=\"elementor-widget-container\">\n\t\t\t\t\t\t\t<div class=\"wd-text-block reset-last-child text-left\">\n\t\t\t\n\t\t\t<p>Lorem ipsum dolor sit amet, nulla probatus oportere pro ut, at iisque ocurreret qui, qui everti nusquam eu. Mundi appetere et sit, iracundia interesset consequuntur nec an. Sumo nibh repudiare at has, no pri eruditi percipit.<\/p>\n\t\t\t\t\t<\/div>\n\t\t\t\t\t\t<\/div>\n\t\t\t\t<\/div>\n\t\t\t\t<div class=\"elementor-element elementor-element-afe3453 elementor-widget elementor-widget-wd_image_or_svg\" data-id=\"afe3453\" data-element_type=\"widget\" data-e-type=\"widget\" data-widget_type=\"wd_image_or_svg.default\">\n\t\t\t\t<div class=\"elementor-widget-container\">\n\t\t\t\t\t\n\t\t<div class=\"wd-image text-left\">\n\t\t\t\t\t\t\t\t\t\t\t\t\t<\/div>\n\n\t\t\t\t\t\t<\/div>\n\t\t\t\t<\/div>\n\t\t\t\t<div class=\"elementor-element elementor-element-462a90a elementor-widget elementor-widget-wd_text_block\" data-id=\"462a90a\" data-element_type=\"widget\" data-e-type=\"widget\" data-widget_type=\"wd_text_block.default\">\n\t\t\t\t<div class=\"elementor-widget-container\">\n\t\t\t\t\t\t\t<div class=\"wd-text-block reset-last-child text-left\">\n\t\t\t\n\t\t\t<p>Aeterno ancillae conceptam quo ei. Pro dicta virtute tincidunt eu, cu scripta deterruisset nec, minimum reprimique conclusionemque ius an.<\/p>\n\t\t\t\t\t<\/div>\n\t\t\t\t\t\t<\/div>\n\t\t\t\t<\/div>\n\t\t\t\t<div class=\"elementor-element elementor-element-6336bb1 elementor-widget elementor-widget-wd_text_block\" data-id=\"6336bb1\" data-element_type=\"widget\" data-e-type=\"widget\" data-widget_type=\"wd_text_block.default\">\n\t\t\t\t<div class=\"elementor-widget-container\">\n\t\t\t\t\t\t\t<div class=\"wd-text-block reset-last-child text-left color-title\">\n\t\t\t\n\t\t\t<p>Nutritional Information<\/p>\n\t\t\t\t\t<\/div>\n\t\t\t\t\t\t<\/div>\n\t\t\t\t<\/div>\n\t\t\t\t<div class=\"elementor-element elementor-element-1ed8ac7 elementor-widget elementor-widget-wd_table\" data-id=\"1ed8ac7\" data-element_type=\"widget\" data-e-type=\"widget\" data-widget_type=\"wd_table.default\">\n\t\t\t\t<div class=\"elementor-widget-container\">\n\t\t\t\t\t\t\t<div class=\"wd-el-table-wrap wd-reset-all-last\">\n\t\t\t<table class=\"wd-el-table\">\n\t\t\t\t\n\t\t\t\t<tbody class=\"text-left\">\n\t\t\t\t\t\t\t\t\t\t\t\t\t\t\t\t\t\t\t\t\t\t\t\t\t\t<tr class=\"wd-table-row elementor-repeater-item-42090a0\">\n\t\t\t\t\t\t\t\t\t\t\t\t\t\t\t\t\t\t\t\t\t\t\t\t\t\t\t\t\t\t\t<th class=\"wd-table-cell elementor-repeater-item-faca4cd\" colspan=\"1\" rowspan=\"1\">\n\t\t\t\t\t\t\t<p>Per<\/p>\t\t\t\t\t\t\t<\/th>\n\t\t\t\t\t\t\t\t\t\t\t\t\t\t\t\t\t\t\t\t\t\t\t\t<th class=\"wd-table-cell elementor-repeater-item-c2e142f\" colspan=\"1\" rowspan=\"1\">\n\t\t\t\t\t\t\t<p>100g \/ 32g<\/p>\t\t\t\t\t\t\t<\/th>\n\t\t\t\t\t\t\t\t\t\t\t\t\t\t\t\t\t\t\t\t\t\t\t\t\t\t\t\t\t\t\t\t<\/tr>\n\t\t\t\t\t\t\t\t<tr class=\"wd-table-row elementor-repeater-item-58f10ad\">\n\t\t\t\t\t\t\t\t\t\t\t\t\t\t\t\t\t\t\t\t\t\t\t\t\t\t\t\t\t\t\t<th class=\"wd-table-cell elementor-repeater-item-eebb33a\" colspan=\"1\" rowspan=\"1\">\n\t\t\t\t\t\t\t<p>Energy<\/p>\t\t\t\t\t\t\t<\/th>\n\t\t\t\t\t\t\t\t\t\t\t\t\t\t\t\t\t\t\t\t\t\t\t\t<th class=\"wd-table-cell elementor-repeater-item-47ab8fe\" colspan=\"1\" rowspan=\"1\">\n\t\t\t\t\t\t\t<p>347kcal \/ 116kcal<\/p>\t\t\t\t\t\t\t<\/th>\n\t\t\t\t\t\t\t\t\t\t\t\t\t\t\t\t\t\t\t\t\t\t\t\t\t\t\t\t\t\t\t\t<\/tr>\n\t\t\t\t\t\t\t\t<tr class=\"wd-table-row elementor-repeater-item-7d5b8a1\">\n\t\t\t\t\t\t\t\t\t\t\t\t\t\t\t\t\t\t\t\t\t\t\t\t\t\t\t\t\t\t\t<th class=\"wd-table-cell elementor-repeater-item-087c2eb\" colspan=\"1\" rowspan=\"1\">\n\t\t\t\t\t\t\t<p>Energy Kj<\/p>\t\t\t\t\t\t\t<\/th>\n\t\t\t\t\t\t\t\t\t\t\t\t\t\t\t\t\t\t\t\t\t\t\t\t<th class=\"wd-table-cell elementor-repeater-item-56c61e4\" colspan=\"1\" rowspan=\"1\">\n\t\t\t\t\t\t\t<p>1565Kj \/ 485Kj<\/p>\t\t\t\t\t\t\t<\/th>\n\t\t\t\t\t\t\t\t\t\t\t\t\t\t\t\t\t\t\t\t\t\t\t\t\t\t\t\t\t\t\t\t<\/tr>\n\t\t\t\t\t\t\t\t<tr class=\"wd-table-row elementor-repeater-item-69b271e\">\n\t\t\t\t\t\t\t\t\t\t\t\t\t\t\t\t\t\t\t\t\t\t\t\t\t\t\t\t\t\t\t<th class=\"wd-table-cell elementor-repeater-item-1efdd05\" colspan=\"1\" rowspan=\"1\">\n\t\t\t\t\t\t\t<p>Fat<\/p>\t\t\t\t\t\t\t<\/th>\n\t\t\t\t\t\t\t\t\t\t\t\t\t\t\t\t\t\t\t\t\t\t\t\t<th class=\"wd-table-cell elementor-repeater-item-115c54c\" colspan=\"1\" rowspan=\"1\">\n\t\t\t\t\t\t\t<p>4.7g \/ 1.4g<\/p>\t\t\t\t\t\t\t<\/th>\n\t\t\t\t\t\t\t\t\t\t\t\t\t\t\t\t<\/tr>\n\t\t\t\t<\/tbody>\n\t\t\t<\/table>\n\t\t<\/div>\n\t\t\t\t\t\t<\/div>\n\t\t\t\t<\/div>\n\t\t\t\t<div class=\"elementor-element elementor-element-b9c7d78 elementor-widget elementor-widget-wd_text_block\" data-id=\"b9c7d78\" data-element_type=\"widget\" data-e-type=\"widget\" data-widget_type=\"wd_text_block.default\">\n\t\t\t\t<div class=\"elementor-widget-container\">\n\t\t\t\t\t\t\t<div class=\"wd-text-block reset-last-child text-left color-title\">\n\t\t\t\n\t\t\t<p>Ingredients<\/p>\n\t\t\t\t\t<\/div>\n\t\t\t\t\t\t<\/div>\n\t\t\t\t<\/div>\n\t\t\t\t<div class=\"elementor-element elementor-element-91f96e6 elementor-widget elementor-widget-wd_text_block\" data-id=\"91f96e6\" data-element_type=\"widget\" data-e-type=\"widget\" data-widget_type=\"wd_text_block.default\">\n\t\t\t\t<div class=\"elementor-widget-container\">\n\t\t\t\t\t\t\t<div class=\"wd-text-block reset-last-child text-left\">\n\t\t\t\n\t\t\t<p>100% fresh organic cow milk<\/p>\n\t\t\t\t\t<\/div>\n\t\t\t\t\t\t<\/div>\n\t\t\t\t<\/div>\n\t\t\t\t\t<\/div>\n\t\t\t\t<\/div>\n\t\t\t\t<\/div>","protected":false},"excerpt":{"rendered":"<p><span style=\"font-weight: 400;\">Asegura el confort y la seguridad de tu beb\u00e9 durante tus vacaciones en el Caribe Mexicano, es todo lo que necesitas con nuestra Cuna Colecho. Esta soluci\u00f3n vers\u00e1til, que se convierte en cuna, colecho y corral, es ideal para la practicidad de los padres. Su f\u00e1cil armado y manejo te permitir\u00e1n disfrutar al m\u00e1ximo de tu estancia. Ideal para beb\u00e9s de 0 a 3 a\u00f1os. Una practicidad inigualable para los padres. \u00a1La <\/span><b>entregamos directamente en tu hotel<\/b><span style=\"font-weight: 400;\">!<\/span><\/p>\n<p><b>PRODUCT INFO<\/b><\/p>\n<p><span style=\"font-weight: 400;\">La Cuna Colecho Baby Beige es todo lo que necesitas para el descanso y la seguridad de tu beb\u00e9 (de 0 a 3 a\u00f1os) en tu viaje al Caribe. Est\u00e1 dise\u00f1ada para ofrecer m\u00e1xima comodidad y\u00a0<\/span><\/p>\n<p><b>Caracter\u00edsticas destacadas para tu viaje:<\/b><\/p>\n<ul>\n<li style=\"font-weight: 400;\" aria-level=\"1\"><b>Versatilidad 3 en 1:<\/b><span style=\"font-weight: 400;\"> Funciona como cuna, colecho (con barandal m\u00f3vil y sujetadores de seguridad a la cama) y corral.<\/span><\/li>\n<li style=\"font-weight: 400;\" aria-level=\"1\"><b>Confort para el Beb\u00e9:<\/b><span style=\"font-weight: 400;\"> Incluye colchoneta acojinada para un suave descanso.<\/span><\/li>\n<li style=\"font-weight: 400;\" aria-level=\"1\"><b>Movilidad F\u00e1cil:<\/b><span style=\"font-weight: 400;\"> Ruedas para un manejo sencillo dentro de la habitaci\u00f3n o suite.<\/span><\/li>\n<li style=\"font-weight: 400;\" aria-level=\"1\"><b>Protecci\u00f3n Adicional:<\/b><span style=\"font-weight: 400;\"> Incluye mosquitero.<\/span><\/li>\n<\/ul>\n<p><b>Advertencia de Seguridad:<\/b><\/p>\n<ul>\n<li style=\"font-weight: 400;\" aria-level=\"1\"><b>Segundo nivel (cuna\/colecho):<\/b><span style=\"font-weight: 400;\"> Hasta 13 kilos (o cuando el beb\u00e9 se pueda sentar).<\/span><\/li>\n<li style=\"font-weight: 400;\" aria-level=\"1\"><b>Primer nivel (corral):<\/b><span style=\"font-weight: 400;\"> Hasta 25 kilos.<\/span><\/li>\n<\/ul>\n<p><b>Medidas (aproximadas):<\/b><\/p>\n<ul>\n<li style=\"font-weight: 400;\" aria-level=\"1\"><span style=\"font-weight: 400;\">Alto: 114 cm<\/span><\/li>\n<li style=\"font-weight: 400;\" aria-level=\"1\"><span style=\"font-weight: 400;\">Largo: 75 cm<\/span><\/li>\n<li style=\"font-weight: 400;\" aria-level=\"1\"><span style=\"font-weight: 400;\">Ancho: 105 cm<\/span><\/li>\n<li style=\"font-weight: 400;\" aria-level=\"1\"><span style=\"font-weight: 400;\">Peso: 8.20 kg<\/span><\/li>\n<\/ul>","protected":false},"featured_media":868,"comment_status":"open","ping_status":"closed","template":"","meta":{"_joinchat":[]},"product_brand":[],"product_cat":[38],"product_tag":[],"class_list":{"0":"post-1004","1":"product","2":"type-product","3":"status-publish","4":"has-post-thumbnail","6":"product_cat-equipo-de-movilidad","8":"first","9":"instock","10":"shipping-taxable","11":"purchasable","12":"product-type-simple"},"_links":{"self":[{"href":"https:\/\/mrtransfercancun.com\/en\/wp-json\/wp\/v2\/product\/1004","targetHints":{"allow":["GET"]}}],"collection":[{"href":"https:\/\/mrtransfercancun.com\/en\/wp-json\/wp\/v2\/product"}],"about":[{"href":"https:\/\/mrtransfercancun.com\/en\/wp-json\/wp\/v2\/types\/product"}],"replies":[{"embeddable":true,"href":"https:\/\/mrtransfercancun.com\/en\/wp-json\/wp\/v2\/comments?post=1004"}],"version-history":[{"count":1,"href":"https:\/\/mrtransfercancun.com\/en\/wp-json\/wp\/v2\/product\/1004\/revisions"}],"predecessor-version":[{"id":1008,"href":"https:\/\/mrtransfercancun.com\/en\/wp-json\/wp\/v2\/product\/1004\/revisions\/1008"}],"wp:featuredmedia":[{"embeddable":true,"href":"https:\/\/mrtransfercancun.com\/en\/wp-json\/wp\/v2\/media\/868"}],"wp:attachment":[{"href":"https:\/\/mrtransfercancun.com\/en\/wp-json\/wp\/v2\/media?parent=1004"}],"wp:term":[{"taxonomy":"product_brand","embeddable":true,"href":"https:\/\/mrtransfercancun.com\/en\/wp-json\/wp\/v2\/product_brand?post=1004"},{"taxonomy":"product_cat","embeddable":true,"href":"https:\/\/mrtransfercancun.com\/en\/wp-json\/wp\/v2\/product_cat?post=1004"},{"taxonomy":"product_tag","embeddable":true,"href":"https:\/\/mrtransfercancun.com\/en\/wp-json\/wp\/v2\/product_tag?post=1004"}],"curies":[{"name":"wp","href":"https:\/\/api.w.org\/{rel}","templated":true}]}}