{"id":77,"date":"2024-03-15T14:59:16","date_gmt":"2024-03-15T14:59:16","guid":{"rendered":"https:\/\/dummy.xtemos.com\/woodmart2\/farm-elementor\/?page_id=77"},"modified":"2025-12-30T10:48:51","modified_gmt":"2025-12-30T15:48:51","slug":"contacto","status":"publish","type":"page","link":"https:\/\/mrtransfercancun.com\/en\/contacto\/","title":{"rendered":"RESERVA TRASLADOS EN LA RIVERA MAYA Y TOURS CANC\u00daN"},"content":{"rendered":"\t\t<div data-elementor-type=\"wp-page\" data-elementor-id=\"77\" class=\"elementor elementor-77\" data-elementor-post-type=\"page\">\n\t\t\t\t<div class=\"elementor-element elementor-element-05a4f08 wd-section-stretch-content e-con-full e-flex e-con e-parent\" data-id=\"05a4f08\" data-element_type=\"container\" data-e-type=\"container\" data-settings=\"{&quot;background_background&quot;:&quot;classic&quot;}\">\n\t\t\t\t<div class=\"elementor-element elementor-element-e7d6e1a elementor-widget elementor-widget-image-carousel\" data-id=\"e7d6e1a\" data-element_type=\"widget\" data-e-type=\"widget\" data-settings=\"{&quot;navigation&quot;:&quot;none&quot;,&quot;autoplay_speed&quot;:1000,&quot;speed&quot;:12000,&quot;autoplay&quot;:&quot;yes&quot;,&quot;infinite&quot;:&quot;yes&quot;}\" data-widget_type=\"image-carousel.default\">\n\t\t\t\t\t\t\t<div class=\"elementor-image-carousel-wrapper swiper\" role=\"region\" aria-roledescription=\"carousel\" aria-label=\"Carrusel de im\u00e1genes\" dir=\"ltr\">\n\t\t\t<div class=\"elementor-image-carousel swiper-wrapper\" aria-live=\"off\">\n\t\t\t\t\t\t\t\t<div class=\"swiper-slide\" role=\"group\" aria-roledescription=\"slide\" aria-label=\"1 de 12\"><figure class=\"swiper-slide-inner\"><img decoding=\"async\" class=\"swiper-slide-image\" src=\"https:\/\/mrtransfercancun.com\/wp-content\/uploads\/elementor\/thumbs\/477-1-r8rptoiax7w66w15nkomvib90u19q22egjomio70u8.jpg\" alt=\"477 (1)\" \/><\/figure><\/div><div class=\"swiper-slide\" role=\"group\" aria-roledescription=\"slide\" aria-label=\"2 de 12\"><figure class=\"swiper-slide-inner\"><img decoding=\"async\" class=\"swiper-slide-image\" src=\"https:\/\/mrtransfercancun.com\/wp-content\/uploads\/elementor\/thumbs\/Isla-Mujeres-2-r8lits8x7yb4k4zyxh03hbj46mihg3viq5ejyn8irk.jpg\" alt=\"Isla Mujeres 2\" \/><\/figure><\/div><div class=\"swiper-slide\" role=\"group\" aria-roledescription=\"slide\" aria-label=\"3 de 12\"><figure class=\"swiper-slide-inner\"><img decoding=\"async\" class=\"swiper-slide-image\" src=\"https:\/\/mrtransfercancun.com\/wp-content\/uploads\/elementor\/thumbs\/Cozumel-r8litqd8ua8jwx2p8g6ucc06zurr0po21w3l03bb40.jpg\" alt=\"Cozumel\" \/><\/figure><\/div><div class=\"swiper-slide\" role=\"group\" aria-roledescription=\"slide\" aria-label=\"4 de 12\"><figure class=\"swiper-slide-inner\"><img decoding=\"async\" class=\"swiper-slide-image\" src=\"https:\/\/mrtransfercancun.com\/wp-content\/uploads\/elementor\/thumbs\/Cenotes-r8litnjq9s4oy36sowyymupt7p5ndmcv1i54k9fhmo.jpg\" alt=\"Cenotes\" \/><\/figure><\/div><div class=\"swiper-slide\" role=\"group\" aria-roledescription=\"slide\" aria-label=\"5 de 12\"><figure class=\"swiper-slide-inner\"><img decoding=\"async\" class=\"swiper-slide-image\" src=\"https:\/\/mrtransfercancun.com\/wp-content\/uploads\/elementor\/thumbs\/Puerto-Morelos-r8litwy464hk66t56118bscf5jvbile6esnzd11jwg.jpg\" alt=\"Puerto Morelos\" \/><\/figure><\/div><div class=\"swiper-slide\" role=\"group\" aria-roledescription=\"slide\" aria-label=\"6 de 12\"><figure class=\"swiper-slide-inner\"><img decoding=\"async\" class=\"swiper-slide-image\" src=\"https:\/\/mrtransfercancun.com\/wp-content\/uploads\/elementor\/thumbs\/Tulum-2-r8litytsjsk4teqev1uhgrvccbm1xzln31yybkyrk0.jpg\" alt=\"Tulum 2\" \/><\/figure><\/div><div class=\"swiper-slide\" role=\"group\" aria-roledescription=\"slide\" aria-label=\"7 de 12\"><figure class=\"swiper-slide-inner\"><img decoding=\"async\" class=\"swiper-slide-image\" src=\"https:\/\/mrtransfercancun.com\/wp-content\/uploads\/elementor\/thumbs\/playa-del-carmen-r8litv2fsgeziyvvh07z6sthys4l376pqjd0eh4c8w.jpg\" alt=\"playa del carmen\" \/><\/figure><\/div><div class=\"swiper-slide\" role=\"group\" aria-roledescription=\"slide\" aria-label=\"8 de 12\"><figure class=\"swiper-slide-inner\"><img decoding=\"async\" class=\"swiper-slide-image\" src=\"https:\/\/mrtransfercancun.com\/wp-content\/uploads\/elementor\/thumbs\/Akumal-3-r8litg10r3ued7hpwtpy2wm4gm6po1j0cgx8q1qn0g.jpg\" alt=\"Akumal 3\" \/><\/figure><\/div><div class=\"swiper-slide\" role=\"group\" aria-roledescription=\"slide\" aria-label=\"9 de 12\"><figure class=\"swiper-slide-inner\"><img decoding=\"async\" class=\"swiper-slide-image\" src=\"https:\/\/mrtransfercancun.com\/wp-content\/uploads\/elementor\/thumbs\/Bacalar-r8litiujbly9c1dmgcxtsdwi8rstb4u7cuvp5vmghs.jpg\" alt=\"Bacalar\" \/><\/figure><\/div><div class=\"swiper-slide\" role=\"group\" aria-roledescription=\"slide\" aria-label=\"10 de 12\"><figure class=\"swiper-slide-inner\"><img decoding=\"async\" class=\"swiper-slide-image\" src=\"https:\/\/mrtransfercancun.com\/wp-content\/uploads\/elementor\/thumbs\/Puerto-Morelos-2-r8litw09zag9ukuibimlrakyk5zyawag2o0hvr2y2o.jpg\" alt=\"Puerto Morelos 2\" \/><\/figure><\/div><div class=\"swiper-slide\" role=\"group\" aria-roledescription=\"slide\" aria-label=\"11 de 12\"><figure class=\"swiper-slide-inner\"><img decoding=\"async\" class=\"swiper-slide-image\" src=\"https:\/\/mrtransfercancun.com\/wp-content\/uploads\/elementor\/thumbs\/Akumal-2-r8litf36k9t41lj32bbbieunv8bcgcfa0c9r8rs16o.jpg\" alt=\"Akumal 2\" \/><\/figure><\/div><div class=\"swiper-slide\" role=\"group\" aria-roledescription=\"slide\" aria-label=\"12 de 12\"><figure class=\"swiper-slide-inner\"><img decoding=\"async\" class=\"swiper-slide-image\" src=\"https:\/\/mrtransfercancun.com\/wp-content\/uploads\/elementor\/thumbs\/Tulum-r8liu0pgxgmpgmnok2nqlre9j3csddt3rb9xa4vz7k.jpg\" alt=\"Tulum\" \/><\/figure><\/div>\t\t\t<\/div>\n\t\t\t\t\t\t\t\n\t\t\t\t\t\t\t\t\t<\/div>\n\t\t\t\t\t\t<\/div>\n\t\t\t\t<div class=\"elementor-element elementor-element-eec4b9e elementor-widget elementor-widget-wd_marquee\" data-id=\"eec4b9e\" data-element_type=\"widget\" data-e-type=\"widget\" data-widget_type=\"wd_marquee.default\">\n\t\t\t\t<div class=\"elementor-widget-container\">\n\t\t\t\t\t\t\t<div class=\"wd-marquee \">\n\t\t\t<div class=\"wd-marquee-content\">\n\t\t\t\t\t\t\t<span class=\"wd-marquee-item\">\n\t\t\t\t\n\t\t\t\t\t\t\t\t\tTours y Traslados personalizados en Canc\u00fan y la Riviera Maya\t\t\t\t\n\t\t\t\t\t\t\t<\/span>\n\t\t\t\t\t\t<\/div>\n\t\t\t<div class=\"wd-marquee-content\">\n\t\t\t\t\t\t\t<span class=\"wd-marquee-item\">\n\t\t\t\t\n\t\t\t\t\t\t\t\t\tTours y Traslados personalizados en Canc\u00fan y la Riviera Maya\t\t\t\t\n\t\t\t\t\t\t\t<\/span>\n\t\t\t\t\t\t<\/div>\n\t\t<\/div>\n\t\t\t\t\t\t<\/div>\n\t\t\t\t<\/div>\n\t\t\t\t<\/div>\n\t\t<div class=\"wd-negative-gap elementor-element elementor-element-78ff699 e-flex e-con-boxed e-con e-parent\" data-id=\"78ff699\" data-element_type=\"container\" data-e-type=\"container\">\n\t\t\t\t\t<div class=\"e-con-inner\">\n\t\t<div class=\"elementor-element elementor-element-9d092cc e-con-full e-flex e-con e-child\" data-id=\"9d092cc\" data-element_type=\"container\" data-e-type=\"container\">\n\t\t<div class=\"elementor-element elementor-element-1eedc19 e-con-full e-flex e-con e-child\" data-id=\"1eedc19\" data-element_type=\"container\" data-e-type=\"container\">\n\t\t\t\t<div class=\"elementor-element elementor-element-77fc186 elementor-widget__width-initial elementor-widget elementor-widget-wd_image_or_svg\" data-id=\"77fc186\" data-element_type=\"widget\" data-e-type=\"widget\" data-widget_type=\"wd_image_or_svg.default\">\n\t\t\t\t<div class=\"elementor-widget-container\">\n\t\t\t\t\t\n\t\t<div class=\"wd-image text-left\">\n\t\t\t\t\t\t\t\t<img fetchpriority=\"high\" decoding=\"async\" width=\"230\" height=\"237\" src=\"https:\/\/mrtransfercancun.com\/wp-content\/uploads\/2025\/07\/49124.jpg\" class=\"attachment-full size-full\" alt=\"\" srcset=\"https:\/\/mrtransfercancun.com\/wp-content\/uploads\/2025\/07\/49124.jpg 230w, https:\/\/mrtransfercancun.com\/wp-content\/uploads\/2025\/07\/49124-150x155.jpg 150w\" sizes=\"(max-width: 230px) 100vw, 230px\" \/>\t\t\t\t\t<\/div>\n\n\t\t\t\t\t\t<\/div>\n\t\t\t\t<\/div>\n\t\t\t\t<div class=\"elementor-element elementor-element-41f0dc0 wd-width-100 elementor-widget elementor-widget-wd_title\" data-id=\"41f0dc0\" data-element_type=\"widget\" data-e-type=\"widget\" data-widget_type=\"wd_title.default\">\n\t\t\t\t<div class=\"elementor-widget-container\">\n\t\t\t\t\t\t\t<div class=\"title-wrapper wd-set-mb reset-last-child wd-title-color-default wd-title-style-default wd-title-size-default text-left\">\n\n\t\t\t\n\t\t\t<div class=\"liner-continer\">\n\t\t\t\t<h4 class=\"woodmart-title-container title wd-fontsize-l\">Prepara tu viaje<\/h4> \n\t\t\t\t\t\t\t<\/div>\n\n\t\t\t\t\t\t\t<div class=\"title-after_title reset-last-child wd-fontsize-xs\">\n\t\t\t\t\t<p>Recibe respuesta en menos de 24hrs<\/p>\t\t\t\t<\/div>\n\t\t\t\t\t<\/div>\n\t\t\t\t\t\t<\/div>\n\t\t\t\t<\/div>\n\t\t\t\t<\/div>\n\t\t<div class=\"elementor-element elementor-element-d0379f6 e-con-full e-flex e-con e-child\" data-id=\"d0379f6\" data-element_type=\"container\" data-e-type=\"container\">\n\t\t\t\t<div class=\"elementor-element elementor-element-fd62e09 elementor-widget elementor-widget-wd_image_or_svg\" data-id=\"fd62e09\" data-element_type=\"widget\" data-e-type=\"widget\" data-widget_type=\"wd_image_or_svg.default\">\n\t\t\t\t<div class=\"elementor-widget-container\">\n\t\t\t\t\t\n\t\t<div class=\"wd-image text-left\">\n\t\t\t\t\t\t\t\t<img decoding=\"async\" width=\"1000\" height=\"750\" src=\"https:\/\/mrtransfercancun.com\/wp-content\/uploads\/2025\/08\/CHICHENITZA-CON-VAN-1.jpg\" class=\"attachment-full size-full\" alt=\"\" srcset=\"https:\/\/mrtransfercancun.com\/wp-content\/uploads\/2025\/08\/CHICHENITZA-CON-VAN-1.jpg 1000w, https:\/\/mrtransfercancun.com\/wp-content\/uploads\/2025\/08\/CHICHENITZA-CON-VAN-1-300x225.jpg 300w, https:\/\/mrtransfercancun.com\/wp-content\/uploads\/2025\/08\/CHICHENITZA-CON-VAN-1-768x576.jpg 768w, https:\/\/mrtransfercancun.com\/wp-content\/uploads\/2025\/08\/CHICHENITZA-CON-VAN-1-150x113.jpg 150w\" sizes=\"(max-width: 1000px) 100vw, 1000px\" \/>\t\t\t\t\t<\/div>\n\n\t\t\t\t\t\t<\/div>\n\t\t\t\t<\/div>\n\t\t\t\t<div class=\"elementor-element elementor-element-f410d23 elementor-widget elementor-widget-wd_image_or_svg\" data-id=\"f410d23\" data-element_type=\"widget\" data-e-type=\"widget\" data-widget_type=\"wd_image_or_svg.default\">\n\t\t\t\t<div class=\"elementor-widget-container\">\n\t\t\t\t\t\n\t\t<div class=\"wd-image text-left\">\n\t\t\t\t\t\t\t\t<img decoding=\"async\" width=\"900\" height=\"650\" src=\"https:\/\/mrtransfercancun.com\/wp-content\/uploads\/2025\/07\/Isla-Mujeres-2.jpg\" class=\"attachment-full size-full\" alt=\"\" srcset=\"https:\/\/mrtransfercancun.com\/wp-content\/uploads\/2025\/07\/Isla-Mujeres-2.jpg 900w, https:\/\/mrtransfercancun.com\/wp-content\/uploads\/2025\/07\/Isla-Mujeres-2-150x108.jpg 150w, https:\/\/mrtransfercancun.com\/wp-content\/uploads\/2025\/07\/Isla-Mujeres-2-300x217.jpg 300w, https:\/\/mrtransfercancun.com\/wp-content\/uploads\/2025\/07\/Isla-Mujeres-2-768x555.jpg 768w\" sizes=\"(max-width: 900px) 100vw, 900px\" \/>\t\t\t\t\t<\/div>\n\n\t\t\t\t\t\t<\/div>\n\t\t\t\t<\/div>\n\t\t\t\t<\/div>\n\t\t\t\t<\/div>\n\t\t\t\t\t<\/div>\n\t\t\t\t<\/div>\n\t\t<div class=\"elementor-element elementor-element-63481a7 e-flex e-con-boxed e-con e-parent\" data-id=\"63481a7\" data-element_type=\"container\" data-e-type=\"container\">\n\t\t\t\t\t<div class=\"e-con-inner\">\n\t\t\t\t<div class=\"elementor-element elementor-element-d327dc4 elementor-widget__width-inherit elementor-button-align-stretch elementor-widget elementor-widget-form\" data-id=\"d327dc4\" data-element_type=\"widget\" data-e-type=\"widget\" data-settings=\"{&quot;step_next_label&quot;:&quot;Siguiente&quot;,&quot;step_previous_label&quot;:&quot;Anterior&quot;,&quot;button_width&quot;:&quot;100&quot;,&quot;step_type&quot;:&quot;number_text&quot;,&quot;step_icon_shape&quot;:&quot;circle&quot;}\" data-widget_type=\"form.default\">\n\t\t\t\t\t\t\t<form class=\"elementor-form\" method=\"post\" name=\"Form de cotizaci\u00f3n\" aria-label=\"Form de cotizaci\u00f3n\">\n\t\t\t<input type=\"hidden\" name=\"post_id\" value=\"77\"\/>\n\t\t\t<input type=\"hidden\" name=\"form_id\" value=\"d327dc4\"\/>\n\t\t\t<input type=\"hidden\" name=\"referer_title\" value=\"RESERVA TRASLADOS EN LA RIVERA MAYA Y TOURS CANC\u00daN - MR TRANSFER CANCUN\" \/>\n\n\t\t\t\t\t\t\t<input type=\"hidden\" name=\"queried_id\" value=\"77\"\/>\n\t\t\t\n\t\t\t<div class=\"elementor-form-fields-wrapper elementor-labels-above\">\n\t\t\t\t\t\t\t\t<div class=\"elementor-field-type-html elementor-field-group elementor-column elementor-field-group-field_b2e76cc elementor-col-100\">\n\t\t\t\t\t<h3>Informaci\u00f3n Personal<\/h3>\t\t\t\t<\/div>\n\t\t\t\t\t\t\t\t<div class=\"elementor-field-type-text elementor-field-group elementor-column elementor-field-group-name elementor-col-100 elementor-field-required\">\n\t\t\t\t\t\t\t\t\t\t\t\t<label for=\"form-field-name\" class=\"elementor-field-label\">\n\t\t\t\t\t\t\t\tNombre\t\t\t\t\t\t\t<\/label>\n\t\t\t\t\t\t\t\t\t\t\t\t\t\t<input size=\"1\" type=\"text\" name=\"form_fields[name]\" id=\"form-field-name\" class=\"elementor-field elementor-size-md  elementor-field-textual\" placeholder=\"Nombre\" required=\"required\">\n\t\t\t\t\t\t\t\t\t\t\t<\/div>\n\t\t\t\t\t\t\t\t<div class=\"elementor-field-type-email elementor-field-group elementor-column elementor-field-group-email elementor-col-100 elementor-field-required\">\n\t\t\t\t\t\t\t\t\t\t\t\t<label for=\"form-field-email\" class=\"elementor-field-label\">\n\t\t\t\t\t\t\t\tEmail\t\t\t\t\t\t\t<\/label>\n\t\t\t\t\t\t\t\t\t\t\t\t\t\t<input size=\"1\" type=\"email\" name=\"form_fields[email]\" id=\"form-field-email\" class=\"elementor-field elementor-size-md  elementor-field-textual\" placeholder=\"Correo electr\u00f3nico\" required=\"required\">\n\t\t\t\t\t\t\t\t\t\t\t<\/div>\n\t\t\t\t\t\t\t\t<div class=\"elementor-field-type-tel elementor-field-group elementor-column elementor-field-group-field_4a07c36 elementor-col-50 elementor-field-required\">\n\t\t\t\t\t\t\t\t\t\t\t\t<label for=\"form-field-field_4a07c36\" class=\"elementor-field-label\">\n\t\t\t\t\t\t\t\tTel\u00e9fono\t\t\t\t\t\t\t<\/label>\n\t\t\t\t\t\t\t\t<input size=\"1\" type=\"tel\" name=\"form_fields[field_4a07c36]\" id=\"form-field-field_4a07c36\" class=\"elementor-field elementor-size-md  elementor-field-textual\" required=\"required\" pattern=\"[0-9()#&amp;+*-=.]+\" title=\"Only numbers and phone characters (#, -, *, etc) are accepted.\">\n\n\t\t\t\t\t\t<\/div>\n\t\t\t\t\t\t\t\t<div class=\"elementor-field-type-text elementor-field-group elementor-column elementor-field-group-message elementor-col-50 elementor-field-required\">\n\t\t\t\t\t\t\t\t\t\t\t\t<label for=\"form-field-message\" class=\"elementor-field-label\">\n\t\t\t\t\t\t\t\t\u00bfDe d\u00f3nde eres?\t\t\t\t\t\t\t<\/label>\n\t\t\t\t\t\t\t\t\t\t\t\t\t\t<input size=\"1\" type=\"text\" name=\"form_fields[message]\" id=\"form-field-message\" class=\"elementor-field elementor-size-md  elementor-field-textual\" placeholder=\"Estado o pa\u00eds\" required=\"required\">\n\t\t\t\t\t\t\t\t\t\t\t<\/div>\n\t\t\t\t\t\t\t\t<div class=\"elementor-field-type-html elementor-field-group elementor-column elementor-field-group-field_24f7b9b elementor-col-100\">\n\t\t\t\t\t<h3>Detalles de reservaci\u00f3n<\/h3>\t\t\t\t<\/div>\n\t\t\t\t\t\t\t\t<div class=\"elementor-field-type-select elementor-field-group elementor-column elementor-field-group-field_385abe9 elementor-col-100 elementor-field-required\">\n\t\t\t\t\t\t\t\t\t\t\t\t<label for=\"form-field-field_385abe9\" class=\"elementor-field-label\">\n\t\t\t\t\t\t\t\t\u00bfDe cu\u00e1l de nuestros servicios te gustar\u00eda recibir informaci\u00f3n?\t\t\t\t\t\t\t<\/label>\n\t\t\t\t\t\t\t\t<div class=\"elementor-field elementor-select-wrapper remove-before \">\n\t\t\t<div class=\"select-caret-down-wrapper\">\n\t\t\t\t<svg aria-hidden=\"true\" class=\"e-font-icon-svg e-eicon-caret-down\" viewBox=\"0 0 571.4 571.4\" xmlns=\"http:\/\/www.w3.org\/2000\/svg\"><path d=\"M571 393Q571 407 561 418L311 668Q300 679 286 679T261 668L11 418Q0 407 0 393T11 368 36 357H536Q550 357 561 368T571 393Z\"><\/path><\/svg>\t\t\t<\/div>\n\t\t\t<select name=\"form_fields[field_385abe9]\" id=\"form-field-field_385abe9\" class=\"elementor-field-textual elementor-size-md\" required=\"required\">\n\t\t\t\t\t\t\t\t\t<option value=\"Tours\">Tours<\/option>\n\t\t\t\t\t\t\t\t\t<option value=\"Traslados\">Traslados<\/option>\n\t\t\t\t\t\t\t<\/select>\n\t\t<\/div>\n\t\t\t\t\t\t<\/div>\n\t\t\t\t\t\t\t\t<div class=\"elementor-field-type-date elementor-field-group elementor-column elementor-field-group-field_5a465b9 elementor-col-50 elementor-field-required\">\n\t\t\t\t\t\t\t\t\t\t\t\t<label for=\"form-field-field_5a465b9\" class=\"elementor-field-label\">\n\t\t\t\t\t\t\t\tFecha de llegada\t\t\t\t\t\t\t<\/label>\n\t\t\t\t\t\t\n\t\t<input type=\"date\" name=\"form_fields[field_5a465b9]\" id=\"form-field-field_5a465b9\" class=\"elementor-field elementor-size-md  elementor-field-textual elementor-date-field elementor-use-native\" required=\"required\" pattern=\"[0-9]{4}-[0-9]{2}-[0-9]{2}\">\n\t\t\t\t\t\t<\/div>\n\t\t\t\t\t\t\t\t<div class=\"elementor-field-type-date elementor-field-group elementor-column elementor-field-group-field_81ede7f elementor-col-50 elementor-field-required\">\n\t\t\t\t\t\t\t\t\t\t\t\t<label for=\"form-field-field_81ede7f\" class=\"elementor-field-label\">\n\t\t\t\t\t\t\t\tFecha de salida\t\t\t\t\t\t\t<\/label>\n\t\t\t\t\t\t\n\t\t<input type=\"date\" name=\"form_fields[field_81ede7f]\" id=\"form-field-field_81ede7f\" class=\"elementor-field elementor-size-md  elementor-field-textual elementor-date-field elementor-use-native\" required=\"required\" pattern=\"[0-9]{4}-[0-9]{2}-[0-9]{2}\">\n\t\t\t\t\t\t<\/div>\n\t\t\t\t\t\t\t\t<div class=\"elementor-field-type-text elementor-field-group elementor-column elementor-field-group-field_1a1524e elementor-col-50 elementor-field-required\">\n\t\t\t\t\t\t\t\t\t\t\t\t<label for=\"form-field-field_1a1524e\" class=\"elementor-field-label\">\n\t\t\t\t\t\t\t\tHotel o lugar al que vas\t\t\t\t\t\t\t<\/label>\n\t\t\t\t\t\t\t\t\t\t\t\t\t\t<input size=\"1\" type=\"text\" name=\"form_fields[field_1a1524e]\" id=\"form-field-field_1a1524e\" class=\"elementor-field elementor-size-md  elementor-field-textual\" required=\"required\">\n\t\t\t\t\t\t\t\t\t\t\t<\/div>\n\t\t\t\t\t\t\t\t<div class=\"elementor-field-type-text elementor-field-group elementor-column elementor-field-group-field_5a66811 elementor-col-50 elementor-field-required\">\n\t\t\t\t\t\t\t\t\t\t\t\t<label for=\"form-field-field_5a66811\" class=\"elementor-field-label\">\n\t\t\t\t\t\t\t\tN\u00famero de vuelos\t\t\t\t\t\t\t<\/label>\n\t\t\t\t\t\t\t\t\t\t\t\t\t\t<input size=\"1\" type=\"text\" name=\"form_fields[field_5a66811]\" id=\"form-field-field_5a66811\" class=\"elementor-field elementor-size-md  elementor-field-textual\" required=\"required\">\n\t\t\t\t\t\t\t\t\t\t\t<\/div>\n\t\t\t\t\t\t\t\t<div class=\"elementor-field-type-number elementor-field-group elementor-column elementor-field-group-field_3692cab elementor-col-50 elementor-field-required\">\n\t\t\t\t\t\t\t\t\t\t\t\t<label for=\"form-field-field_3692cab\" class=\"elementor-field-label\">\n\t\t\t\t\t\t\t\tN\u00famero de adultos\t\t\t\t\t\t\t<\/label>\n\t\t\t\t\t\t\t\t\t<input type=\"number\" name=\"form_fields[field_3692cab]\" id=\"form-field-field_3692cab\" class=\"elementor-field elementor-size-md  elementor-field-textual\" required=\"required\" min=\"\" max=\"\" >\n\t\t\t\t\t\t<\/div>\n\t\t\t\t\t\t\t\t<div class=\"elementor-field-type-number elementor-field-group elementor-column elementor-field-group-field_cb5ba26 elementor-col-50 elementor-field-required\">\n\t\t\t\t\t\t\t\t\t\t\t\t<label for=\"form-field-field_cb5ba26\" class=\"elementor-field-label\">\n\t\t\t\t\t\t\t\tN\u00famero de ni\u00f1os (menores de 12 a\u00f1os)\t\t\t\t\t\t\t<\/label>\n\t\t\t\t\t\t\t\t\t<input type=\"number\" name=\"form_fields[field_cb5ba26]\" id=\"form-field-field_cb5ba26\" class=\"elementor-field elementor-size-md  elementor-field-textual\" required=\"required\" min=\"\" max=\"\" >\n\t\t\t\t\t\t<\/div>\n\t\t\t\t\t\t\t\t<div class=\"elementor-field-type-textarea elementor-field-group elementor-column elementor-field-group-field_75957f5 elementor-col-100 elementor-field-required\">\n\t\t\t\t\t\t\t\t\t\t\t\t<label for=\"form-field-field_75957f5\" class=\"elementor-field-label\">\n\t\t\t\t\t\t\t\tCu\u00e9ntanos sobre el tipo de tour o traslado que tienes en mente\t\t\t\t\t\t\t<\/label>\n\t\t\t\t\t\t<textarea class=\"elementor-field-textual elementor-field  elementor-size-md\" name=\"form_fields[field_75957f5]\" id=\"form-field-field_75957f5\" rows=\"4\" required=\"required\"><\/textarea>\t\t\t\t<\/div>\n\t\t\t\t\t\t\t\t<div class=\"elementor-field-type-radio elementor-field-group elementor-column elementor-field-group-field_4131028 elementor-col-100 elementor-field-required\">\n\t\t\t\t\t\t\t\t\t\t\t\t<label for=\"form-field-field_4131028\" class=\"elementor-field-label\">\n\t\t\t\t\t\t\t\t\u00bfC\u00f3mo nos conociste? \t\t\t\t\t\t\t<\/label>\n\t\t\t\t\t\t<div class=\"elementor-field-subgroup  elementor-subgroup-inline\"><span class=\"elementor-field-option\"><input type=\"radio\" value=\"Instagram\" id=\"form-field-field_4131028-0\" name=\"form_fields[field_4131028]\" required=\"required\"> <label for=\"form-field-field_4131028-0\">Instagram<\/label><\/span><span class=\"elementor-field-option\"><input type=\"radio\" value=\"Pinterest \" id=\"form-field-field_4131028-1\" name=\"form_fields[field_4131028]\" required=\"required\"> <label for=\"form-field-field_4131028-1\">Pinterest <\/label><\/span><span class=\"elementor-field-option\"><input type=\"radio\" value=\"TikTok\" id=\"form-field-field_4131028-2\" name=\"form_fields[field_4131028]\" required=\"required\"> <label for=\"form-field-field_4131028-2\">TikTok<\/label><\/span><span class=\"elementor-field-option\"><input type=\"radio\" value=\"Google\" id=\"form-field-field_4131028-3\" name=\"form_fields[field_4131028]\" required=\"required\"> <label for=\"form-field-field_4131028-3\">Google<\/label><\/span><span class=\"elementor-field-option\"><input type=\"radio\" value=\"Recomendaci\u00f3n\" id=\"form-field-field_4131028-4\" name=\"form_fields[field_4131028]\" required=\"required\"> <label for=\"form-field-field_4131028-4\">Recomendaci\u00f3n<\/label><\/span><\/div>\t\t\t\t<\/div>\n\t\t\t\t\t\t\t\t<div class=\"elementor-field-group elementor-column elementor-field-type-submit elementor-col-100 e-form__buttons\">\n\t\t\t\t\t<button class=\"elementor-button elementor-size-sm\" type=\"submit\">\n\t\t\t\t\t\t<span class=\"elementor-button-content-wrapper\">\n\t\t\t\t\t\t\t\t\t\t\t\t\t\t\t\t\t\t\t\t\t\t<span class=\"elementor-button-text\">Enviar mi plan de viaje<\/span>\n\t\t\t\t\t\t\t\t\t\t\t\t\t<\/span>\n\t\t\t\t\t<\/button>\n\t\t\t\t<\/div>\n\t\t\t<\/div>\n\t\t<\/form>\n\t\t\t\t\t\t<\/div>\n\t\t\t\t\t<\/div>\n\t\t\t\t<\/div>\n\t\t<div class=\"elementor-element elementor-element-ffd8ebf e-con-full e-flex e-con e-parent\" data-id=\"ffd8ebf\" data-element_type=\"container\" data-e-type=\"container\">\n\t\t\t\t<div class=\"elementor-element elementor-element-d25d43f elementor-widget elementor-widget-image\" data-id=\"d25d43f\" data-element_type=\"widget\" data-e-type=\"widget\" data-widget_type=\"image.default\">\n\t\t\t\t\t\t\t\t\t\t\t\t\t\t\t<img loading=\"lazy\" decoding=\"async\" width=\"1024\" height=\"380\" src=\"https:\/\/mrtransfercancun.com\/wp-content\/uploads\/2025\/08\/tulum-cancun-tours-1-1024x380.jpg\" class=\"attachment-large size-large wp-image-1209\" alt=\"\" srcset=\"https:\/\/mrtransfercancun.com\/wp-content\/uploads\/2025\/08\/tulum-cancun-tours-1-1024x380.jpg 1024w, https:\/\/mrtransfercancun.com\/wp-content\/uploads\/2025\/08\/tulum-cancun-tours-1-300x111.jpg 300w, https:\/\/mrtransfercancun.com\/wp-content\/uploads\/2025\/08\/tulum-cancun-tours-1-768x285.jpg 768w, https:\/\/mrtransfercancun.com\/wp-content\/uploads\/2025\/08\/tulum-cancun-tours-1-1536x570.jpg 1536w, https:\/\/mrtransfercancun.com\/wp-content\/uploads\/2025\/08\/tulum-cancun-tours-1-2048x760.jpg 2048w, https:\/\/mrtransfercancun.com\/wp-content\/uploads\/2025\/08\/tulum-cancun-tours-1-1200x445.jpg 1200w, https:\/\/mrtransfercancun.com\/wp-content\/uploads\/2025\/08\/tulum-cancun-tours-1-150x56.jpg 150w\" sizes=\"(max-width: 1024px) 100vw, 1024px\" \/>\t\t\t\t\t\t\t\t\t\t\t\t\t\t\t<\/div>\n\t\t\t\t<\/div>\n\t\t<div class=\"elementor-element elementor-element-702a4e0 e-con-full e-flex e-con e-parent\" data-id=\"702a4e0\" data-element_type=\"container\" data-e-type=\"container\" data-settings=\"{&quot;background_background&quot;:&quot;classic&quot;}\">\n\t\t\t\t<div class=\"elementor-element elementor-element-1aacc8e wd-width-100 elementor-widget elementor-widget-wd_title\" data-id=\"1aacc8e\" data-element_type=\"widget\" data-e-type=\"widget\" data-widget_type=\"wd_title.default\">\n\t\t\t\t<div class=\"elementor-widget-container\">\n\t\t\t\t\t\t\t<div class=\"title-wrapper wd-set-mb reset-last-child wd-title-color-default wd-title-style-default wd-title-size-default text-center\">\n\n\t\t\t\n\t\t\t<div class=\"liner-continer\">\n\t\t\t\t<h4 class=\"woodmart-title-container title wd-fontsize-l\">Nuestro servicio es personalizado<\/h4> \n\t\t\t\t\t\t\t<\/div>\n\n\t\t\t\t\t<\/div>\n\t\t\t\t\t\t<\/div>\n\t\t\t\t<\/div>\n\t\t\t\t<div class=\"elementor-element elementor-element-87fe347 elementor-widget__width-initial elementor-widget-mobile__width-inherit elementor-widget elementor-widget-wd_text_block\" data-id=\"87fe347\" data-element_type=\"widget\" data-e-type=\"widget\" data-widget_type=\"wd_text_block.default\">\n\t\t\t\t<div class=\"elementor-widget-container\">\n\t\t\t\t\t\t\t<div class=\"wd-text-block reset-last-child text-left\">\n\t\t\t\n\t\t\t<p>Por lo que el costo de nuestro servicio varia dependiendo el tipo de traslado o tour que te gustar\u00eda reservar.<\/p><p>Por favor completa el formulario y nos pondremos en contacto contigo lo antes posible.<\/p>\n\t\t\t\t\t<\/div>\n\t\t\t\t\t\t<\/div>\n\t\t\t\t<\/div>\n\t\t\t\t<\/div>\n\t\t\t\t<\/div>\n\t\t","protected":false},"excerpt":{"rendered":"<p>Tours y Traslados personalizados en Canc\u00fan y la Riviera Maya Tours y Traslados personalizados en Canc\u00fan y la Riviera Maya<\/p>","protected":false},"author":1,"featured_media":0,"parent":0,"menu_order":0,"comment_status":"closed","ping_status":"closed","template":"","meta":{"_joinchat":[],"footnotes":""},"class_list":["post-77","page","type-page","status-publish","hentry"],"_links":{"self":[{"href":"https:\/\/mrtransfercancun.com\/en\/wp-json\/wp\/v2\/pages\/77","targetHints":{"allow":["GET"]}}],"collection":[{"href":"https:\/\/mrtransfercancun.com\/en\/wp-json\/wp\/v2\/pages"}],"about":[{"href":"https:\/\/mrtransfercancun.com\/en\/wp-json\/wp\/v2\/types\/page"}],"author":[{"embeddable":true,"href":"https:\/\/mrtransfercancun.com\/en\/wp-json\/wp\/v2\/users\/1"}],"replies":[{"embeddable":true,"href":"https:\/\/mrtransfercancun.com\/en\/wp-json\/wp\/v2\/comments?post=77"}],"version-history":[{"count":53,"href":"https:\/\/mrtransfercancun.com\/en\/wp-json\/wp\/v2\/pages\/77\/revisions"}],"predecessor-version":[{"id":1326,"href":"https:\/\/mrtransfercancun.com\/en\/wp-json\/wp\/v2\/pages\/77\/revisions\/1326"}],"wp:attachment":[{"href":"https:\/\/mrtransfercancun.com\/en\/wp-json\/wp\/v2\/media?parent=77"}],"curies":[{"name":"wp","href":"https:\/\/api.w.org\/{rel}","templated":true}]}}